{"id":4467,"date":"2025-01-21T21:39:42","date_gmt":"2025-01-21T21:39:42","guid":{"rendered":"https:\/\/immunoz.com\/?post_type=product&#038;p=4467"},"modified":"2026-03-31T13:22:29","modified_gmt":"2026-03-31T13:22:29","slug":"immunoz-beaute","status":"publish","type":"product","link":"https:\/\/immunoz.com\/?product=immunoz-beaute","title":{"rendered":"Immunoz\u00ae Beaut\u00e9"},"content":{"rendered":"<div class=\"flex max-w-full flex-col flex-grow\">\n<div class=\"min-h-8 text-message flex w-full flex-col items-end gap-2 whitespace-normal break-words text-start [.text-message+&amp;]:mt-5\" dir=\"auto\" data-message-author-role=\"assistant\" data-message-id=\"5602f500-c46a-432c-a42c-cbb6c7065496\" data-message-model-slug=\"gpt-4o\">\n<div class=\"flex w-full flex-col gap-1 empty:hidden first:pt-[3px]\">\n<div class=\"markdown prose w-full break-words dark:prose-invert light\">\n<p style=\"font-weight: 400;\"><strong>Immunoz\u00ae Beaut\u00e9 <\/strong>est un suppl\u00e9ment antioxydant de qualit\u00e9 sup\u00e9rieure con\u00e7u pour am\u00e9liorer la sant\u00e9 et la beaut\u00e9 de la peau de l&#8217;int\u00e9rieur. Rempli de nutriments puissants, il soutient la production de collag\u00e8ne, combat le stress oxydatif et favorise un teint uniforme.<\/p>\n<p style=\"font-weight: 400;\">Cette formule avanc\u00e9e aide \u00e0 r\u00e9duire les signes de vieillissement, \u00e0 am\u00e9liorer l&#8217;\u00e9lasticit\u00e9 de la peau et \u00e0 prot\u00e9ger contre les dommages environnementaux. Sentez-vous bien dans votre peau avec Immunoz\u00ae Beaut\u00e9, votre alli\u00e9 quotidien pour une beaut\u00e9 \u00e9clatante et jeune.<\/p>\n<p style=\"font-weight: 400;\"><strong>Principaux avantages<\/strong> :<\/p>\n<ul style=\"font-weight: 400;\">\n<li>Am\u00e9liore l&#8217;hydratation et l&#8217;\u00e9lasticit\u00e9 de la peau<\/li>\n<li>R\u00e9duit les rides et ridules<\/li>\n<li>Prot\u00e8ge contre les radicaux libres et les dommages oxydatifs<\/li>\n<li>Favorise un teint plus lumineux et uniforme<\/li>\n<\/ul>\n<p style=\"font-weight: 400;\">Lib\u00e9rez votre \u00e9clat int\u00e9rieur avec <strong>Immunoz\u00ae Beaut\u00e9 <\/strong>&#8211; parce que la beaut\u00e9 commence de l&#8217;int\u00e9rieur<\/p>\n<\/div>\n<\/div>\n<\/div>\n<\/div>\n","protected":false},"excerpt":{"rendered":"<p style=\"font-weight: 400;\"><strong>Immunoz\u00ae Beaut\u00e9 <\/strong>est votre compl\u00e9ment de beaut\u00e9 ultime, con\u00e7u pour am\u00e9liorer l&#8217;\u00e9lasticit\u00e9 de la peau, r\u00e9duire les rides et favoriser un \u00e9clat radieux et jeune. Riche en antioxydants, il prot\u00e8ge contre le stress oxydatif et favorise une peau saine et \u00e9clatante de l&#8217;int\u00e9rieur.<\/p>\n","protected":false},"featured_media":4455,"comment_status":"open","ping_status":"closed","template":"","meta":{"om_disable_all_campaigns":false,"_monsterinsights_skip_tracking":false,"_monsterinsights_sitenote_active":false,"_monsterinsights_sitenote_note":"","_monsterinsights_sitenote_category":0,"site-sidebar-layout":"default","site-content-layout":"","ast-site-content-layout":"default","site-content-style":"default","site-sidebar-style":"default","ast-global-header-display":"","ast-banner-title-visibility":"","ast-main-header-display":"","ast-hfb-above-header-display":"","ast-hfb-below-header-display":"","ast-hfb-mobile-header-display":"","site-post-title":"","ast-breadcrumbs-content":"","ast-featured-img":"","footer-sml-layout":"","theme-transparent-header-meta":"default","adv-header-id-meta":"","stick-header-meta":"","header-above-stick-meta":"","header-main-stick-meta":"","header-below-stick-meta":"","astra-migrate-meta-layouts":"set","ast-page-background-enabled":"default","ast-page-background-meta":{"desktop":{"background-color":"","background-image":"","background-repeat":"repeat","background-position":"center center","background-size":"auto","background-attachment":"scroll","background-type":"","background-media":"","overlay-type":"","overlay-color":"","overlay-opacity":"","overlay-gradient":""},"tablet":{"background-color":"","background-image":"","background-repeat":"repeat","background-position":"center center","background-size":"auto","background-attachment":"scroll","background-type":"","background-media":"","overlay-type":"","overlay-color":"","overlay-opacity":"","overlay-gradient":""},"mobile":{"background-color":"","background-image":"","background-repeat":"repeat","background-position":"center center","background-size":"auto","background-attachment":"scroll","background-type":"","background-media":"","overlay-type":"","overlay-color":"","overlay-opacity":"","overlay-gradient":""}},"ast-content-background-meta":{"desktop":{"background-color":"var(--ast-global-color-5)","background-image":"","background-repeat":"repeat","background-position":"center center","background-size":"auto","background-attachment":"scroll","background-type":"","background-media":"","overlay-type":"","overlay-color":"","overlay-opacity":"","overlay-gradient":""},"tablet":{"background-color":"var(--ast-global-color-5)","background-image":"","background-repeat":"repeat","background-position":"center center","background-size":"auto","background-attachment":"scroll","background-type":"","background-media":"","overlay-type":"","overlay-color":"","overlay-opacity":"","overlay-gradient":""},"mobile":{"background-color":"var(--ast-global-color-5)","background-image":"","background-repeat":"repeat","background-position":"center center","background-size":"auto","background-attachment":"scroll","background-type":"","background-media":"","overlay-type":"","overlay-color":"","overlay-opacity":"","overlay-gradient":""}}},"product_brand":[],"product_cat":[95],"product_tag":[99,102],"class_list":{"0":"post-4467","1":"product","2":"type-product","3":"status-publish","4":"has-post-thumbnail","6":"product_cat-well-being-antioxidants","7":"product_tag-beauty","8":"product_tag-immunoz","9":"desktop-align-left","10":"tablet-align-left","11":"mobile-align-left","13":"first","14":"instock","15":"sale","16":"taxable","17":"shipping-taxable","18":"purchasable","19":"product-type-simple"},"aioseo_notices":[],"_links":{"self":[{"href":"https:\/\/immunoz.com\/index.php?rest_route=\/wp\/v2\/product\/4467","targetHints":{"allow":["GET"]}}],"collection":[{"href":"https:\/\/immunoz.com\/index.php?rest_route=\/wp\/v2\/product"}],"about":[{"href":"https:\/\/immunoz.com\/index.php?rest_route=\/wp\/v2\/types\/product"}],"replies":[{"embeddable":true,"href":"https:\/\/immunoz.com\/index.php?rest_route=%2Fwp%2Fv2%2Fcomments&post=4467"}],"version-history":[{"count":4,"href":"https:\/\/immunoz.com\/index.php?rest_route=\/wp\/v2\/product\/4467\/revisions"}],"predecessor-version":[{"id":5130,"href":"https:\/\/immunoz.com\/index.php?rest_route=\/wp\/v2\/product\/4467\/revisions\/5130"}],"wp:featuredmedia":[{"embeddable":true,"href":"https:\/\/immunoz.com\/index.php?rest_route=\/wp\/v2\/media\/4455"}],"wp:attachment":[{"href":"https:\/\/immunoz.com\/index.php?rest_route=%2Fwp%2Fv2%2Fmedia&parent=4467"}],"wp:term":[{"taxonomy":"product_brand","embeddable":true,"href":"https:\/\/immunoz.com\/index.php?rest_route=%2Fwp%2Fv2%2Fproduct_brand&post=4467"},{"taxonomy":"product_cat","embeddable":true,"href":"https:\/\/immunoz.com\/index.php?rest_route=%2Fwp%2Fv2%2Fproduct_cat&post=4467"},{"taxonomy":"product_tag","embeddable":true,"href":"https:\/\/immunoz.com\/index.php?rest_route=%2Fwp%2Fv2%2Fproduct_tag&post=4467"}],"curies":[{"name":"wp","href":"https:\/\/api.w.org\/{rel}","templated":true}]}}