{"id":4471,"date":"2025-01-21T22:01:10","date_gmt":"2025-01-21T22:01:10","guid":{"rendered":"https:\/\/immunoz.com\/?post_type=product&#038;p=4471"},"modified":"2026-03-31T13:22:44","modified_gmt":"2026-03-31T13:22:44","slug":"immunoz-bien-etre","status":"publish","type":"product","link":"https:\/\/immunoz.com\/?product=immunoz-bien-etre","title":{"rendered":"Immunoz\u00ae Bien Etre"},"content":{"rendered":"<p style=\"font-weight: 400;\"><strong>Immunoz\u00ae Bien Etre<\/strong>, fabriqu\u00e9 avec 600 mg de Shilajit de qualit\u00e9 sup\u00e9rieure, est votre compagnon ultime pour la vitalit\u00e9, l&#8217;endurance et la performance. Cette formule puissante favorise le bien-\u00eatre g\u00e9n\u00e9ral, favorise un m\u00e9tabolisme \u00e9quilibr\u00e9 et aide \u00e0 maintenir un poids sant\u00e9. Que vous cherchiez \u00e0 augmenter votre endurance, \u00e0 am\u00e9liorer votre niveau d&#8217;\u00e9nergie ou \u00e0 am\u00e9liorer vos performances physiques et mentales, Immunoz\u00ae Bien Etre est con\u00e7u pour vous aider \u00e0 prosp\u00e9rer chaque jour.<\/p>\n<p style=\"font-weight: 400;\"><strong>Principaux avantages :<\/strong><\/p>\n<ul style=\"font-weight: 400;\">\n<li>Soutient le m\u00e9tabolisme et la gestion du poids.<\/li>\n<li>Augmente l&#8217;endurance, l&#8217;endurance et la vitalit\u00e9 globale.<\/li>\n<li>Am\u00e9liore naturellement les niveaux d&#8217;\u00e9nergie et les performances.<\/li>\n<\/ul>\n<p style=\"font-weight: 400;\"><strong>Am\u00e9liorez votre bien-\u00eatre et donnez plus d&#8217;\u00e9nergie \u00e0 vous-m\u00eame avec Immunoz\u00ae Bien Etre !<\/strong><\/p>\n","protected":false},"excerpt":{"rendered":"<p>Boost your vitality with 600 mg of Shilajit. Supports metabolism, enhances stamina, and promotes overall well-being for a healthier, more energized you.<\/p>\n","protected":false},"featured_media":4455,"comment_status":"open","ping_status":"closed","template":"","meta":{"om_disable_all_campaigns":false,"_monsterinsights_skip_tracking":false,"_monsterinsights_sitenote_active":false,"_monsterinsights_sitenote_note":"","_monsterinsights_sitenote_category":0,"site-sidebar-layout":"default","site-content-layout":"","ast-site-content-layout":"default","site-content-style":"default","site-sidebar-style":"default","ast-global-header-display":"","ast-banner-title-visibility":"","ast-main-header-display":"","ast-hfb-above-header-display":"","ast-hfb-below-header-display":"","ast-hfb-mobile-header-display":"","site-post-title":"","ast-breadcrumbs-content":"","ast-featured-img":"","footer-sml-layout":"","theme-transparent-header-meta":"default","adv-header-id-meta":"","stick-header-meta":"","header-above-stick-meta":"","header-main-stick-meta":"","header-below-stick-meta":"","astra-migrate-meta-layouts":"set","ast-page-background-enabled":"default","ast-page-background-meta":{"desktop":{"background-color":"","background-image":"","background-repeat":"repeat","background-position":"center center","background-size":"auto","background-attachment":"scroll","background-type":"","background-media":"","overlay-type":"","overlay-color":"","overlay-opacity":"","overlay-gradient":""},"tablet":{"background-color":"","background-image":"","background-repeat":"repeat","background-position":"center center","background-size":"auto","background-attachment":"scroll","background-type":"","background-media":"","overlay-type":"","overlay-color":"","overlay-opacity":"","overlay-gradient":""},"mobile":{"background-color":"","background-image":"","background-repeat":"repeat","background-position":"center center","background-size":"auto","background-attachment":"scroll","background-type":"","background-media":"","overlay-type":"","overlay-color":"","overlay-opacity":"","overlay-gradient":""}},"ast-content-background-meta":{"desktop":{"background-color":"var(--ast-global-color-5)","background-image":"","background-repeat":"repeat","background-position":"center center","background-size":"auto","background-attachment":"scroll","background-type":"","background-media":"","overlay-type":"","overlay-color":"","overlay-opacity":"","overlay-gradient":""},"tablet":{"background-color":"var(--ast-global-color-5)","background-image":"","background-repeat":"repeat","background-position":"center center","background-size":"auto","background-attachment":"scroll","background-type":"","background-media":"","overlay-type":"","overlay-color":"","overlay-opacity":"","overlay-gradient":""},"mobile":{"background-color":"var(--ast-global-color-5)","background-image":"","background-repeat":"repeat","background-position":"center center","background-size":"auto","background-attachment":"scroll","background-type":"","background-media":"","overlay-type":"","overlay-color":"","overlay-opacity":"","overlay-gradient":""}}},"product_brand":[],"product_cat":[95],"product_tag":[102],"class_list":{"0":"post-4471","1":"product","2":"type-product","3":"status-publish","4":"has-post-thumbnail","6":"product_cat-well-being-antioxidants","7":"product_tag-immunoz","8":"desktop-align-left","9":"tablet-align-left","10":"mobile-align-left","12":"first","13":"instock","14":"sale","15":"taxable","16":"shipping-taxable","17":"purchasable","18":"product-type-simple"},"aioseo_notices":[],"_links":{"self":[{"href":"https:\/\/immunoz.com\/index.php?rest_route=\/wp\/v2\/product\/4471","targetHints":{"allow":["GET"]}}],"collection":[{"href":"https:\/\/immunoz.com\/index.php?rest_route=\/wp\/v2\/product"}],"about":[{"href":"https:\/\/immunoz.com\/index.php?rest_route=\/wp\/v2\/types\/product"}],"replies":[{"embeddable":true,"href":"https:\/\/immunoz.com\/index.php?rest_route=%2Fwp%2Fv2%2Fcomments&post=4471"}],"version-history":[{"count":2,"href":"https:\/\/immunoz.com\/index.php?rest_route=\/wp\/v2\/product\/4471\/revisions"}],"predecessor-version":[{"id":5125,"href":"https:\/\/immunoz.com\/index.php?rest_route=\/wp\/v2\/product\/4471\/revisions\/5125"}],"wp:featuredmedia":[{"embeddable":true,"href":"https:\/\/immunoz.com\/index.php?rest_route=\/wp\/v2\/media\/4455"}],"wp:attachment":[{"href":"https:\/\/immunoz.com\/index.php?rest_route=%2Fwp%2Fv2%2Fmedia&parent=4471"}],"wp:term":[{"taxonomy":"product_brand","embeddable":true,"href":"https:\/\/immunoz.com\/index.php?rest_route=%2Fwp%2Fv2%2Fproduct_brand&post=4471"},{"taxonomy":"product_cat","embeddable":true,"href":"https:\/\/immunoz.com\/index.php?rest_route=%2Fwp%2Fv2%2Fproduct_cat&post=4471"},{"taxonomy":"product_tag","embeddable":true,"href":"https:\/\/immunoz.com\/index.php?rest_route=%2Fwp%2Fv2%2Fproduct_tag&post=4471"}],"curies":[{"name":"wp","href":"https:\/\/api.w.org\/{rel}","templated":true}]}}