{"id":4961,"date":"2025-01-24T13:59:22","date_gmt":"2025-01-24T13:59:22","guid":{"rendered":"https:\/\/immunoz.com\/?post_type=product&#038;p=4961"},"modified":"2026-04-09T11:29:40","modified_gmt":"2026-04-09T11:29:40","slug":"immunoz-cell-protectalpha-lipoic-acid","status":"publish","type":"product","link":"https:\/\/immunoz.com\/?product=immunoz-cell-protectalpha-lipoic-acid","title":{"rendered":"Immunoz\u00ae CELL-PROTECT(Acide Alpha Lipo\u00efque)"},"content":{"rendered":"<p style=\"font-weight: 400;\"><strong>CELL-PROTECT\u2122 <\/strong>est un compl\u00e9ment phare de Immunoz\u00ae Nutraceutiques. Il est tr\u00e8s recommand\u00e9 aux personnes \u00e2g\u00e9es de 35 ans ou plus. Cell-Protect\u2122 est un super-antioxydant et favorise la production d\u2019antioxydants majeurs pour la sant\u00e9 g\u00e9n\u00e9rale et celle du cerveau. L\u2019acide alpha-lipo\u00efque (ALA) est un compos\u00e9 naturel pr\u00e9sent en petites quantit\u00e9s dans certains aliments, tels que la viande rouge, les \u00e9pinards et le brocoli. Il est \u00e9galement disponible en suppl\u00e9ment dans nos magasins.<\/p>\n<p style=\"font-weight: 400;\">Points saillants sur l&#8217;acide alpha-lipo\u00efque\u00a0:<\/p>\n<ul>\n<li>L&#8217;ALA est un puissant antioxydant, ce qui signifie qu&#8217;il aide \u00e0 prot\u00e9ger les cellules contre les dommages caus\u00e9s par les radicaux libres.<\/li>\n<li>Production d&#8217;\u00e9nergie : Il joue un r\u00f4le dans la production d&#8217;\u00e9nergie cellulaire.<\/li>\n<li>Contr\u00f4le de la glyc\u00e9mie : Certaines \u00e9tudes sugg\u00e8rent que l&#8217;ALA peut am\u00e9liorer la sensibilit\u00e9 \u00e0 l&#8217;insuline et aider \u00e0 r\u00e9guler la glyc\u00e9mie.<\/li>\n<li>Fonction nerveuse : Il a \u00e9t\u00e9 \u00e9tudi\u00e9 pour ses avantages potentiels dans le traitement de la neuropathie diab\u00e9tique, une affection nerveuse.<\/li>\n<li>Neuropathie diab\u00e9tique : L&#8217;ALA peut aider \u00e0 r\u00e9duire la douleur nerveuse et \u00e0 am\u00e9liorer la fonction nerveuse chez les personnes atteintes de diab\u00e8te.<\/li>\n<li>Maladie d&#8217;Alzheimer : Certaines recherches sugg\u00e8rent que l&#8217;ALA pourrait avoir des effets protecteurs sur les cellules c\u00e9r\u00e9brales et ralentir le d\u00e9clin cognitif.<\/li>\n<li>Maladie du foie : L&#8217;ALA peut aider \u00e0 prot\u00e9ger le foie contre les dommages.<\/li>\n<li>Rein : L&#8217;ALA peut inverser les dommages caus\u00e9s aux reins<\/li>\n<\/ul>\n<p style=\"font-weight: 400;\">NB : Ces d\u00e9clarations n&#8217;ont pas \u00e9t\u00e9 \u00e9valu\u00e9es par la FDA. Il est recommand\u00e9 de consulter votre m\u00e9decin ou un professionnel de la sant\u00e9 avant d&#8217;utiliser ce produit.<\/p>\n<p style=\"font-weight: 400;\">\n","protected":false},"excerpt":{"rendered":"<p><img fetchpriority=\"high\" decoding=\"async\" class=\"aligncenter wp-image-4962 size-medium\" src=\"https:\/\/immunoz.com\/wp-content\/uploads\/2025\/01\/1-225x300.jpeg\" alt=\"\" width=\"225\" height=\"300\" srcset=\"https:\/\/immunoz.com\/wp-content\/uploads\/2025\/01\/1-225x300.jpeg 225w, https:\/\/immunoz.com\/wp-content\/uploads\/2025\/01\/1-768x1024.jpeg 768w, https:\/\/immunoz.com\/wp-content\/uploads\/2025\/01\/1-600x800.jpeg 600w, https:\/\/immunoz.com\/wp-content\/uploads\/2025\/01\/1.jpeg 810w\" sizes=\"(max-width: 225px) 100vw, 225px\" \/><\/p>\n","protected":false},"featured_media":4962,"comment_status":"open","ping_status":"closed","template":"","meta":{"om_disable_all_campaigns":false,"_monsterinsights_skip_tracking":false,"_monsterinsights_sitenote_active":false,"_monsterinsights_sitenote_note":"","_monsterinsights_sitenote_category":0,"site-sidebar-layout":"default","site-content-layout":"","ast-site-content-layout":"default","site-content-style":"default","site-sidebar-style":"default","ast-global-header-display":"","ast-banner-title-visibility":"","ast-main-header-display":"","ast-hfb-above-header-display":"","ast-hfb-below-header-display":"","ast-hfb-mobile-header-display":"","site-post-title":"","ast-breadcrumbs-content":"","ast-featured-img":"","footer-sml-layout":"","theme-transparent-header-meta":"default","adv-header-id-meta":"","stick-header-meta":"","header-above-stick-meta":"","header-main-stick-meta":"","header-below-stick-meta":"","astra-migrate-meta-layouts":"set","ast-page-background-enabled":"default","ast-page-background-meta":{"desktop":{"background-color":"","background-image":"","background-repeat":"repeat","background-position":"center center","background-size":"auto","background-attachment":"scroll","background-type":"","background-media":"","overlay-type":"","overlay-color":"","overlay-opacity":"","overlay-gradient":""},"tablet":{"background-color":"","background-image":"","background-repeat":"repeat","background-position":"center center","background-size":"auto","background-attachment":"scroll","background-type":"","background-media":"","overlay-type":"","overlay-color":"","overlay-opacity":"","overlay-gradient":""},"mobile":{"background-color":"","background-image":"","background-repeat":"repeat","background-position":"center center","background-size":"auto","background-attachment":"scroll","background-type":"","background-media":"","overlay-type":"","overlay-color":"","overlay-opacity":"","overlay-gradient":""}},"ast-content-background-meta":{"desktop":{"background-color":"var(--ast-global-color-5)","background-image":"","background-repeat":"repeat","background-position":"center center","background-size":"auto","background-attachment":"scroll","background-type":"","background-media":"","overlay-type":"","overlay-color":"","overlay-opacity":"","overlay-gradient":""},"tablet":{"background-color":"var(--ast-global-color-5)","background-image":"","background-repeat":"repeat","background-position":"center center","background-size":"auto","background-attachment":"scroll","background-type":"","background-media":"","overlay-type":"","overlay-color":"","overlay-opacity":"","overlay-gradient":""},"mobile":{"background-color":"var(--ast-global-color-5)","background-image":"","background-repeat":"repeat","background-position":"center center","background-size":"auto","background-attachment":"scroll","background-type":"","background-media":"","overlay-type":"","overlay-color":"","overlay-opacity":"","overlay-gradient":""}}},"product_brand":[],"product_cat":[95],"product_tag":[],"class_list":{"0":"post-4961","1":"product","2":"type-product","3":"status-publish","4":"has-post-thumbnail","6":"product_cat-well-being-antioxidants","7":"desktop-align-left","8":"tablet-align-left","9":"mobile-align-left","11":"first","12":"instock","13":"sale","14":"featured","15":"purchasable","16":"product-type-simple"},"aioseo_notices":[],"_links":{"self":[{"href":"https:\/\/immunoz.com\/index.php?rest_route=\/wp\/v2\/product\/4961","targetHints":{"allow":["GET"]}}],"collection":[{"href":"https:\/\/immunoz.com\/index.php?rest_route=\/wp\/v2\/product"}],"about":[{"href":"https:\/\/immunoz.com\/index.php?rest_route=\/wp\/v2\/types\/product"}],"replies":[{"embeddable":true,"href":"https:\/\/immunoz.com\/index.php?rest_route=%2Fwp%2Fv2%2Fcomments&post=4961"}],"version-history":[{"count":6,"href":"https:\/\/immunoz.com\/index.php?rest_route=\/wp\/v2\/product\/4961\/revisions"}],"predecessor-version":[{"id":5119,"href":"https:\/\/immunoz.com\/index.php?rest_route=\/wp\/v2\/product\/4961\/revisions\/5119"}],"wp:featuredmedia":[{"embeddable":true,"href":"https:\/\/immunoz.com\/index.php?rest_route=\/wp\/v2\/media\/4962"}],"wp:attachment":[{"href":"https:\/\/immunoz.com\/index.php?rest_route=%2Fwp%2Fv2%2Fmedia&parent=4961"}],"wp:term":[{"taxonomy":"product_brand","embeddable":true,"href":"https:\/\/immunoz.com\/index.php?rest_route=%2Fwp%2Fv2%2Fproduct_brand&post=4961"},{"taxonomy":"product_cat","embeddable":true,"href":"https:\/\/immunoz.com\/index.php?rest_route=%2Fwp%2Fv2%2Fproduct_cat&post=4961"},{"taxonomy":"product_tag","embeddable":true,"href":"https:\/\/immunoz.com\/index.php?rest_route=%2Fwp%2Fv2%2Fproduct_tag&post=4961"}],"curies":[{"name":"wp","href":"https:\/\/api.w.org\/{rel}","templated":true}]}}